{"id":518,"date":"2020-10-23T10:13:22","date_gmt":"2020-10-23T08:13:22","guid":{"rendered":"http:\/\/nowa.dpconsulting.pl\/?page_id=518"},"modified":"2022-05-02T12:13:45","modified_gmt":"2022-05-02T10:13:45","slug":"audyty-operacyjne-i-finansowe","status":"publish","type":"page","link":"https:\/\/dpconsulting.pl\/index.php\/audyty-operacyjne-i-finansowe\/","title":{"rendered":"Audyty operacyjne i finansowe"},"content":{"rendered":"<div id=\"pl-gb518-69f70fce8999f\"  class=\"panel-layout\" ><div id=\"pg-gb518-69f70fce8999f-0\"  class=\"panel-grid panel-no-style\" ><div id=\"pgc-gb518-69f70fce8999f-0-0\"  class=\"panel-grid-cell\" ><div id=\"panel-gb518-69f70fce8999f-0-0-0\" class=\"so-panel widget widget_sow-editor panel-first-child panel-last-child\" data-index=\"0\" ><div\n\t\t\t\n\t\t\tclass=\"so-widget-sow-editor so-widget-sow-editor-base\"\n\t\t\t\n\t\t>\n<div class=\"siteorigin-widget-tinymce textwidget\">\n\t<\/div>\n<\/div><\/div><\/div><\/div><\/div>\n\n<div class=\"strong-view strong-view-id-6 default wpmtst-default slider-container slider-mode-horizontal slider-adaptive controls-style-buttons nav-position-inside\" data-count=\"9\" data-slider-var=\"strong_slider_id_6\" data-state=\"idle\"><div class=\"strong-content wpmslider-content\"><div class=\"wpmtst-testimonial testimonial t-slide post-1015\"><div class=\"wpmtst-testimonial-inner testimonial-inner\"><h3 class=\"wpmtst-testimonial-heading testimonial-heading\">Uniwersytet Medyczny we Wroc\u0142awiu 2022<\/h3><div data-infinite-loop=\"false\"   class=\"wpmtst-testimonial-content testimonial-content\"><div class=\"maybe-clear\"><\/div><p><img loading=\"lazy\" decoding=\"async\" class=\"aligncenter size-full wp-image-1013\" src=\"https:\/\/dpconsulting.pl\/wp-content\/uploads\/2022\/05\/PO-UniMed-Wroclaw-1.jpg\" alt=\"\" width=\"1653\" height=\"2339\" srcset=\"https:\/\/dpconsulting.pl\/wp-content\/uploads\/2022\/05\/PO-UniMed-Wroclaw-1.jpg 1653w, https:\/\/dpconsulting.pl\/wp-content\/uploads\/2022\/05\/PO-UniMed-Wroclaw-1-212x300.jpg 212w, https:\/\/dpconsulting.pl\/wp-content\/uploads\/2022\/05\/PO-UniMed-Wroclaw-1-724x1024.jpg 724w, https:\/\/dpconsulting.pl\/wp-content\/uploads\/2022\/05\/PO-UniMed-Wroclaw-1-768x1087.jpg 768w, https:\/\/dpconsulting.pl\/wp-content\/uploads\/2022\/05\/PO-UniMed-Wroclaw-1-1086x1536.jpg 1086w, https:\/\/dpconsulting.pl\/wp-content\/uploads\/2022\/05\/PO-UniMed-Wroclaw-1-1447x2048.jpg 1447w\" sizes=\"auto, (max-width: 1653px) 100vw, 1653px\" \/><\/p><\/div><div class=\"clear\"><\/div><\/div><\/div><div class=\"wpmtst-testimonial testimonial t-slide post-1072\"><div class=\"wpmtst-testimonial-inner testimonial-inner\"><h3 class=\"wpmtst-testimonial-heading testimonial-heading\">Politechnika Opolska 2020<\/h3><div data-infinite-loop=\"false\"   class=\"wpmtst-testimonial-content testimonial-content\"><div class=\"maybe-clear\"><\/div><p><img loading=\"lazy\" decoding=\"async\" class=\"aligncenter size-full wp-image-1073\" src=\"https:\/\/dpconsulting.pl\/wp-content\/uploads\/2022\/05\/PO_protokol-odbioru_2020-1.jpg\" alt=\"\" width=\"1700\" height=\"2339\" srcset=\"https:\/\/dpconsulting.pl\/wp-content\/uploads\/2022\/05\/PO_protokol-odbioru_2020-1.jpg 1700w, https:\/\/dpconsulting.pl\/wp-content\/uploads\/2022\/05\/PO_protokol-odbioru_2020-1-218x300.jpg 218w, https:\/\/dpconsulting.pl\/wp-content\/uploads\/2022\/05\/PO_protokol-odbioru_2020-1-744x1024.jpg 744w, https:\/\/dpconsulting.pl\/wp-content\/uploads\/2022\/05\/PO_protokol-odbioru_2020-1-768x1057.jpg 768w, https:\/\/dpconsulting.pl\/wp-content\/uploads\/2022\/05\/PO_protokol-odbioru_2020-1-1116x1536.jpg 1116w, https:\/\/dpconsulting.pl\/wp-content\/uploads\/2022\/05\/PO_protokol-odbioru_2020-1-1488x2048.jpg 1488w\" sizes=\"auto, (max-width: 1700px) 100vw, 1700px\" \/><\/p><\/div><div class=\"clear\"><\/div><\/div><\/div><div class=\"wpmtst-testimonial testimonial t-slide post-1450\"><div class=\"wpmtst-testimonial-inner testimonial-inner\"><h3 class=\"wpmtst-testimonial-heading testimonial-heading\">Specjalna Strefa Ekonomiczna Ma\u0142ej Przedsi\u0119biorczo\u015bci S.A. w Kamiennej G\u00f3rze<\/h3><div data-infinite-loop=\"false\"   class=\"wpmtst-testimonial-content testimonial-content\"><div class=\"maybe-clear\"><\/div><p><img loading=\"lazy\" decoding=\"async\" src=\"https:\/\/dpconsulting.pl\/wp-content\/uploads\/2025\/01\/Referencje-SSEMP-Kamienna-Gora.jpg\" alt=\"\" width=\"1239\" height=\"1614\" class=\"aligncenter size-full wp-image-1449\" srcset=\"https:\/\/dpconsulting.pl\/wp-content\/uploads\/2025\/01\/Referencje-SSEMP-Kamienna-Gora.jpg 1239w, https:\/\/dpconsulting.pl\/wp-content\/uploads\/2025\/01\/Referencje-SSEMP-Kamienna-Gora-230x300.jpg 230w, https:\/\/dpconsulting.pl\/wp-content\/uploads\/2025\/01\/Referencje-SSEMP-Kamienna-Gora-786x1024.jpg 786w, https:\/\/dpconsulting.pl\/wp-content\/uploads\/2025\/01\/Referencje-SSEMP-Kamienna-Gora-768x1000.jpg 768w, https:\/\/dpconsulting.pl\/wp-content\/uploads\/2025\/01\/Referencje-SSEMP-Kamienna-Gora-1179x1536.jpg 1179w\" sizes=\"auto, (max-width: 1239px) 100vw, 1239px\" \/><\/p><\/div><div class=\"clear\"><\/div><\/div><\/div><div class=\"wpmtst-testimonial testimonial t-slide post-888\"><div class=\"wpmtst-testimonial-inner testimonial-inner\"><h3 class=\"wpmtst-testimonial-heading testimonial-heading\">Polska Akademia Nauk 2019<\/h3><div data-infinite-loop=\"false\"   class=\"wpmtst-testimonial-content testimonial-content\"><div class=\"maybe-clear\"><\/div><p><img loading=\"lazy\" decoding=\"async\" class=\"aligncenter size-full wp-image-882\" src=\"https:\/\/dpconsulting.pl\/wp-content\/uploads\/2022\/05\/Referencje-PAN-1.jpg\" alt=\"\" width=\"1652\" height=\"2336\" srcset=\"https:\/\/dpconsulting.pl\/wp-content\/uploads\/2022\/05\/Referencje-PAN-1.jpg 1652w, https:\/\/dpconsulting.pl\/wp-content\/uploads\/2022\/05\/Referencje-PAN-1-212x300.jpg 212w, https:\/\/dpconsulting.pl\/wp-content\/uploads\/2022\/05\/Referencje-PAN-1-724x1024.jpg 724w, https:\/\/dpconsulting.pl\/wp-content\/uploads\/2022\/05\/Referencje-PAN-1-768x1086.jpg 768w, https:\/\/dpconsulting.pl\/wp-content\/uploads\/2022\/05\/Referencje-PAN-1-1086x1536.jpg 1086w, https:\/\/dpconsulting.pl\/wp-content\/uploads\/2022\/05\/Referencje-PAN-1-1448x2048.jpg 1448w\" sizes=\"auto, (max-width: 1652px) 100vw, 1652px\" \/><\/p><\/div><div class=\"clear\"><\/div><\/div><\/div><div class=\"wpmtst-testimonial testimonial t-slide post-886\"><div class=\"wpmtst-testimonial-inner testimonial-inner\"><h3 class=\"wpmtst-testimonial-heading testimonial-heading\">Instytut im. M. Sk\u0142odowskiej-Curie 2014<\/h3><div data-infinite-loop=\"false\"   class=\"wpmtst-testimonial-content testimonial-content\"><div class=\"maybe-clear\"><\/div><p><img loading=\"lazy\" decoding=\"async\" class=\"aligncenter size-full wp-image-880\" src=\"https:\/\/dpconsulting.pl\/wp-content\/uploads\/2022\/05\/Referencje-Centrum-Onkologii-Warszawa-.jpg\" alt=\"\" width=\"1652\" height=\"2336\" srcset=\"https:\/\/dpconsulting.pl\/wp-content\/uploads\/2022\/05\/Referencje-Centrum-Onkologii-Warszawa-.jpg 1652w, https:\/\/dpconsulting.pl\/wp-content\/uploads\/2022\/05\/Referencje-Centrum-Onkologii-Warszawa--212x300.jpg 212w, https:\/\/dpconsulting.pl\/wp-content\/uploads\/2022\/05\/Referencje-Centrum-Onkologii-Warszawa--724x1024.jpg 724w, https:\/\/dpconsulting.pl\/wp-content\/uploads\/2022\/05\/Referencje-Centrum-Onkologii-Warszawa--768x1086.jpg 768w, https:\/\/dpconsulting.pl\/wp-content\/uploads\/2022\/05\/Referencje-Centrum-Onkologii-Warszawa--1086x1536.jpg 1086w, https:\/\/dpconsulting.pl\/wp-content\/uploads\/2022\/05\/Referencje-Centrum-Onkologii-Warszawa--1448x2048.jpg 1448w\" sizes=\"auto, (max-width: 1652px) 100vw, 1652px\" \/><\/p><\/div><div class=\"clear\"><\/div><\/div><\/div><div class=\"wpmtst-testimonial testimonial t-slide post-1187\"><div class=\"wpmtst-testimonial-inner testimonial-inner\"><h3 class=\"wpmtst-testimonial-heading testimonial-heading\">Narodowa Agencja Wymiany Akademickiej<\/h3><div data-infinite-loop=\"false\"   class=\"wpmtst-testimonial-content testimonial-content\"><div class=\"maybe-clear\"><\/div><p><img loading=\"lazy\" decoding=\"async\" class=\"aligncenter size-full wp-image-1186\" src=\"https:\/\/dpconsulting.pl\/wp-content\/uploads\/2022\/12\/Referencje-NAWA.jpg\" alt=\"\" width=\"1458\" height=\"2042\" srcset=\"https:\/\/dpconsulting.pl\/wp-content\/uploads\/2022\/12\/Referencje-NAWA.jpg 1458w, https:\/\/dpconsulting.pl\/wp-content\/uploads\/2022\/12\/Referencje-NAWA-214x300.jpg 214w, https:\/\/dpconsulting.pl\/wp-content\/uploads\/2022\/12\/Referencje-NAWA-731x1024.jpg 731w, https:\/\/dpconsulting.pl\/wp-content\/uploads\/2022\/12\/Referencje-NAWA-768x1076.jpg 768w, https:\/\/dpconsulting.pl\/wp-content\/uploads\/2022\/12\/Referencje-NAWA-1097x1536.jpg 1097w\" sizes=\"auto, (max-width: 1458px) 100vw, 1458px\" \/><\/p><\/div><div class=\"clear\"><\/div><\/div><\/div><div class=\"wpmtst-testimonial testimonial t-slide post-890\"><div class=\"wpmtst-testimonial-inner testimonial-inner\"><h3 class=\"wpmtst-testimonial-heading testimonial-heading\">Uniwersytet Zielonog\u00f3rski 2015<\/h3><div data-infinite-loop=\"false\"   class=\"wpmtst-testimonial-content testimonial-content\"><div class=\"maybe-clear\"><\/div><p><img loading=\"lazy\" decoding=\"async\" class=\"aligncenter size-full wp-image-884\" src=\"https:\/\/dpconsulting.pl\/wp-content\/uploads\/2022\/05\/Referencje-Uni-Zielonogorski.jpg\" alt=\"\" width=\"1652\" height=\"2336\" srcset=\"https:\/\/dpconsulting.pl\/wp-content\/uploads\/2022\/05\/Referencje-Uni-Zielonogorski.jpg 1652w, https:\/\/dpconsulting.pl\/wp-content\/uploads\/2022\/05\/Referencje-Uni-Zielonogorski-212x300.jpg 212w, https:\/\/dpconsulting.pl\/wp-content\/uploads\/2022\/05\/Referencje-Uni-Zielonogorski-724x1024.jpg 724w, https:\/\/dpconsulting.pl\/wp-content\/uploads\/2022\/05\/Referencje-Uni-Zielonogorski-768x1086.jpg 768w, https:\/\/dpconsulting.pl\/wp-content\/uploads\/2022\/05\/Referencje-Uni-Zielonogorski-1086x1536.jpg 1086w, https:\/\/dpconsulting.pl\/wp-content\/uploads\/2022\/05\/Referencje-Uni-Zielonogorski-1448x2048.jpg 1448w\" sizes=\"auto, (max-width: 1652px) 100vw, 1652px\" \/><\/p><\/div><div class=\"clear\"><\/div><\/div><\/div><div class=\"wpmtst-testimonial testimonial t-slide post-887\"><div class=\"wpmtst-testimonial-inner testimonial-inner\"><h3 class=\"wpmtst-testimonial-heading testimonial-heading\">Instytut EMAG 2015<\/h3><div data-infinite-loop=\"false\"   class=\"wpmtst-testimonial-content testimonial-content\"><div class=\"maybe-clear\"><\/div><p><img loading=\"lazy\" decoding=\"async\" class=\"aligncenter size-full wp-image-881\" src=\"https:\/\/dpconsulting.pl\/wp-content\/uploads\/2022\/05\/Referencje-EMAG.jpg\" alt=\"\" width=\"1652\" height=\"2336\" srcset=\"https:\/\/dpconsulting.pl\/wp-content\/uploads\/2022\/05\/Referencje-EMAG.jpg 1652w, https:\/\/dpconsulting.pl\/wp-content\/uploads\/2022\/05\/Referencje-EMAG-212x300.jpg 212w, https:\/\/dpconsulting.pl\/wp-content\/uploads\/2022\/05\/Referencje-EMAG-724x1024.jpg 724w, https:\/\/dpconsulting.pl\/wp-content\/uploads\/2022\/05\/Referencje-EMAG-768x1086.jpg 768w, https:\/\/dpconsulting.pl\/wp-content\/uploads\/2022\/05\/Referencje-EMAG-1086x1536.jpg 1086w, https:\/\/dpconsulting.pl\/wp-content\/uploads\/2022\/05\/Referencje-EMAG-1448x2048.jpg 1448w\" sizes=\"auto, (max-width: 1652px) 100vw, 1652px\" \/><\/p><\/div><div class=\"clear\"><\/div><\/div><\/div><div class=\"wpmtst-testimonial testimonial t-slide post-1014\"><div class=\"wpmtst-testimonial-inner testimonial-inner\"><h3 class=\"wpmtst-testimonial-heading testimonial-heading\">Gmina Goleni\u00f3w 2021<\/h3><div data-infinite-loop=\"false\"   class=\"wpmtst-testimonial-content testimonial-content\"><div class=\"maybe-clear\"><\/div><p><img loading=\"lazy\" decoding=\"async\" class=\"aligncenter size-full wp-image-1012\" src=\"https:\/\/dpconsulting.pl\/wp-content\/uploads\/2022\/05\/PO-Gmina-Goleniow-PGK-audyt-jednostki-1.jpg\" alt=\"\" width=\"1653\" height=\"2339\" srcset=\"https:\/\/dpconsulting.pl\/wp-content\/uploads\/2022\/05\/PO-Gmina-Goleniow-PGK-audyt-jednostki-1.jpg 1653w, https:\/\/dpconsulting.pl\/wp-content\/uploads\/2022\/05\/PO-Gmina-Goleniow-PGK-audyt-jednostki-1-212x300.jpg 212w, https:\/\/dpconsulting.pl\/wp-content\/uploads\/2022\/05\/PO-Gmina-Goleniow-PGK-audyt-jednostki-1-724x1024.jpg 724w, https:\/\/dpconsulting.pl\/wp-content\/uploads\/2022\/05\/PO-Gmina-Goleniow-PGK-audyt-jednostki-1-768x1087.jpg 768w, https:\/\/dpconsulting.pl\/wp-content\/uploads\/2022\/05\/PO-Gmina-Goleniow-PGK-audyt-jednostki-1-1086x1536.jpg 1086w, https:\/\/dpconsulting.pl\/wp-content\/uploads\/2022\/05\/PO-Gmina-Goleniow-PGK-audyt-jednostki-1-1447x2048.jpg 1447w\" sizes=\"auto, (max-width: 1653px) 100vw, 1653px\" \/><\/p><\/div><div class=\"clear\"><\/div><\/div><\/div><\/div><\/div>\n","protected":false},"excerpt":{"rendered":"","protected":false},"author":1,"featured_media":0,"parent":0,"menu_order":0,"comment_status":"closed","ping_status":"closed","template":"","meta":{"footnotes":""},"class_list":["post-518","page","type-page","status-publish","hentry","post"],"_links":{"self":[{"href":"https:\/\/dpconsulting.pl\/index.php\/wp-json\/wp\/v2\/pages\/518","targetHints":{"allow":["GET"]}}],"collection":[{"href":"https:\/\/dpconsulting.pl\/index.php\/wp-json\/wp\/v2\/pages"}],"about":[{"href":"https:\/\/dpconsulting.pl\/index.php\/wp-json\/wp\/v2\/types\/page"}],"author":[{"embeddable":true,"href":"https:\/\/dpconsulting.pl\/index.php\/wp-json\/wp\/v2\/users\/1"}],"replies":[{"embeddable":true,"href":"https:\/\/dpconsulting.pl\/index.php\/wp-json\/wp\/v2\/comments?post=518"}],"version-history":[{"count":9,"href":"https:\/\/dpconsulting.pl\/index.php\/wp-json\/wp\/v2\/pages\/518\/revisions"}],"predecessor-version":[{"id":898,"href":"https:\/\/dpconsulting.pl\/index.php\/wp-json\/wp\/v2\/pages\/518\/revisions\/898"}],"wp:attachment":[{"href":"https:\/\/dpconsulting.pl\/index.php\/wp-json\/wp\/v2\/media?parent=518"}],"curies":[{"name":"wp","href":"https:\/\/api.w.org\/{rel}","templated":true}]}}