{"id":434,"date":"2020-10-22T08:22:17","date_gmt":"2020-10-22T06:22:17","guid":{"rendered":"http:\/\/nowa.dpconsulting.pl\/?page_id=434"},"modified":"2024-11-12T14:57:07","modified_gmt":"2024-11-12T13:57:07","slug":"dzialalnosc-charytatywna","status":"publish","type":"page","link":"https:\/\/dpconsulting.pl\/index.php\/dzialalnosc-charytatywna\/","title":{"rendered":"Dzia\u0142alno\u015b\u0107 charytatywna"},"content":{"rendered":"\n<div class=\"wp-block-group\"><div class=\"wp-block-group__inner-container is-layout-constrained wp-block-group-is-layout-constrained\"><div id=\"pl-gb434-6a046a37738fa\"  class=\"panel-layout\" ><div id=\"pg-gb434-6a046a37738fa-0\"  class=\"panel-grid panel-no-style\" ><div id=\"pgc-gb434-6a046a37738fa-0-0\"  class=\"panel-grid-cell\" ><div id=\"panel-gb434-6a046a37738fa-0-0-0\" class=\"so-panel widget widget_sow-editor panel-first-child panel-last-child\" data-index=\"0\" ><div\n\t\t\t\n\t\t\tclass=\"so-widget-sow-editor so-widget-sow-editor-base\"\n\t\t\t\n\t\t>\n<div class=\"siteorigin-widget-tinymce textwidget\">\n\t<div class=\"strong-view strong-view-id-2 default wpmtst-default slider-container slider-mode-fade slider-adaptive controls-style-buttons nav-position-inside\" data-count=\"16\" data-slider-var=\"strong_slider_id_2\" data-state=\"idle\"><div class=\"strong-content wpmslider-content\"><div class=\"wpmtst-testimonial testimonial t-slide post-1396\"><div class=\"wpmtst-testimonial-inner testimonial-inner\"><h3 class=\"wpmtst-testimonial-heading testimonial-heading\">Z\u0142ombol<\/h3><div data-infinite-loop=\"false\"   class=\"wpmtst-testimonial-content testimonial-content\"><div class=\"maybe-clear\"><\/div><p><img loading=\"lazy\" decoding=\"async\" class=\"alignnone size-full wp-image-1353\" src=\"https:\/\/dpconsulting.pl\/wp-content\/uploads\/2024\/07\/Dyplom-Zlombol-2024-scaled.jpg\" alt=\"\" width=\"2560\" height=\"1817\" srcset=\"https:\/\/dpconsulting.pl\/wp-content\/uploads\/2024\/07\/Dyplom-Zlombol-2024-scaled.jpg 2560w, https:\/\/dpconsulting.pl\/wp-content\/uploads\/2024\/07\/Dyplom-Zlombol-2024-300x213.jpg 300w, https:\/\/dpconsulting.pl\/wp-content\/uploads\/2024\/07\/Dyplom-Zlombol-2024-1024x727.jpg 1024w, https:\/\/dpconsulting.pl\/wp-content\/uploads\/2024\/07\/Dyplom-Zlombol-2024-768x545.jpg 768w, https:\/\/dpconsulting.pl\/wp-content\/uploads\/2024\/07\/Dyplom-Zlombol-2024-1536x1090.jpg 1536w, https:\/\/dpconsulting.pl\/wp-content\/uploads\/2024\/07\/Dyplom-Zlombol-2024-2048x1454.jpg 2048w\" sizes=\"auto, (max-width: 2560px) 100vw, 2560px\" \/><\/p><\/div><div class=\"clear\"><\/div><\/div><\/div><div class=\"wpmtst-testimonial testimonial t-slide post-1435\"><div class=\"wpmtst-testimonial-inner testimonial-inner\"><h3 class=\"wpmtst-testimonial-heading testimonial-heading\">Stowarzyszenie Pomocy Dzieciom ANANAS w Bielawie 2024<\/h3><div data-infinite-loop=\"false\"   class=\"wpmtst-testimonial-content testimonial-content\"><div class=\"maybe-clear\"><\/div><p><img loading=\"lazy\" decoding=\"async\" class=\"aligncenter size-full wp-image-1434\" src=\"https:\/\/dpconsulting.pl\/wp-content\/uploads\/2024\/12\/Stowarzyszenie-ANANAS-Bielawa-scaled.jpg\" alt=\"\" width=\"1920\" height=\"2560\" srcset=\"https:\/\/dpconsulting.pl\/wp-content\/uploads\/2024\/12\/Stowarzyszenie-ANANAS-Bielawa-scaled.jpg 1920w, https:\/\/dpconsulting.pl\/wp-content\/uploads\/2024\/12\/Stowarzyszenie-ANANAS-Bielawa-225x300.jpg 225w, https:\/\/dpconsulting.pl\/wp-content\/uploads\/2024\/12\/Stowarzyszenie-ANANAS-Bielawa-768x1024.jpg 768w, https:\/\/dpconsulting.pl\/wp-content\/uploads\/2024\/12\/Stowarzyszenie-ANANAS-Bielawa-1152x1536.jpg 1152w, https:\/\/dpconsulting.pl\/wp-content\/uploads\/2024\/12\/Stowarzyszenie-ANANAS-Bielawa-1536x2048.jpg 1536w\" sizes=\"auto, (max-width: 1920px) 100vw, 1920px\" \/><\/p><\/div><div class=\"clear\"><\/div><\/div><\/div><div class=\"wpmtst-testimonial testimonial t-slide post-792\"><div class=\"wpmtst-testimonial-inner testimonial-inner\"><h3 class=\"wpmtst-testimonial-heading testimonial-heading\">SOS Wioski Dzieci\u0119ce 2022<\/h3><div data-infinite-loop=\"false\"   class=\"wpmtst-testimonial-content testimonial-content\"><div class=\"maybe-clear\"><\/div><p><img loading=\"lazy\" decoding=\"async\" class=\"aligncenter size-full wp-image-794\" src=\"https:\/\/dpconsulting.pl\/wp-content\/uploads\/2022\/04\/Dz.-charytatywna.jpg\" alt=\"\" width=\"1654\" height=\"2340\" srcset=\"https:\/\/dpconsulting.pl\/wp-content\/uploads\/2022\/04\/Dz.-charytatywna.jpg 1654w, https:\/\/dpconsulting.pl\/wp-content\/uploads\/2022\/04\/Dz.-charytatywna-212x300.jpg 212w, https:\/\/dpconsulting.pl\/wp-content\/uploads\/2022\/04\/Dz.-charytatywna-724x1024.jpg 724w, https:\/\/dpconsulting.pl\/wp-content\/uploads\/2022\/04\/Dz.-charytatywna-768x1087.jpg 768w, https:\/\/dpconsulting.pl\/wp-content\/uploads\/2022\/04\/Dz.-charytatywna-1086x1536.jpg 1086w, https:\/\/dpconsulting.pl\/wp-content\/uploads\/2022\/04\/Dz.-charytatywna-1448x2048.jpg 1448w\" sizes=\"auto, (max-width: 1654px) 100vw, 1654px\" \/><\/p><\/div><div class=\"clear\"><\/div><\/div><\/div><div class=\"wpmtst-testimonial testimonial t-slide post-820\"><div class=\"wpmtst-testimonial-inner testimonial-inner\"><h3 class=\"wpmtst-testimonial-heading testimonial-heading\">Stowarzyszenie Auxilium 2018<\/h3><div data-infinite-loop=\"false\"   class=\"wpmtst-testimonial-content testimonial-content\"><div class=\"maybe-clear\"><\/div><p><img loading=\"lazy\" decoding=\"async\" class=\"aligncenter size-full wp-image-806\" src=\"https:\/\/dpconsulting.pl\/wp-content\/uploads\/2022\/04\/Dz.ch_.10.jpg\" alt=\"\" width=\"1654\" height=\"2340\" srcset=\"https:\/\/dpconsulting.pl\/wp-content\/uploads\/2022\/04\/Dz.ch_.10.jpg 1654w, https:\/\/dpconsulting.pl\/wp-content\/uploads\/2022\/04\/Dz.ch_.10-212x300.jpg 212w, https:\/\/dpconsulting.pl\/wp-content\/uploads\/2022\/04\/Dz.ch_.10-724x1024.jpg 724w, https:\/\/dpconsulting.pl\/wp-content\/uploads\/2022\/04\/Dz.ch_.10-768x1087.jpg 768w, https:\/\/dpconsulting.pl\/wp-content\/uploads\/2022\/04\/Dz.ch_.10-1086x1536.jpg 1086w, https:\/\/dpconsulting.pl\/wp-content\/uploads\/2022\/04\/Dz.ch_.10-1448x2048.jpg 1448w\" sizes=\"auto, (max-width: 1654px) 100vw, 1654px\" \/><\/p><\/div><div class=\"clear\"><\/div><\/div><\/div><div class=\"wpmtst-testimonial testimonial t-slide post-819\"><div class=\"wpmtst-testimonial-inner testimonial-inner\"><h3 class=\"wpmtst-testimonial-heading testimonial-heading\">Stowarzyszenie Auxilium 2017<\/h3><div data-infinite-loop=\"false\"   class=\"wpmtst-testimonial-content testimonial-content\"><div class=\"maybe-clear\"><\/div><p><img loading=\"lazy\" decoding=\"async\" class=\"aligncenter size-full wp-image-805\" src=\"https:\/\/dpconsulting.pl\/wp-content\/uploads\/2022\/04\/Dz.ch_.09.jpg\" alt=\"\" width=\"1654\" height=\"2340\" srcset=\"https:\/\/dpconsulting.pl\/wp-content\/uploads\/2022\/04\/Dz.ch_.09.jpg 1654w, https:\/\/dpconsulting.pl\/wp-content\/uploads\/2022\/04\/Dz.ch_.09-212x300.jpg 212w, https:\/\/dpconsulting.pl\/wp-content\/uploads\/2022\/04\/Dz.ch_.09-724x1024.jpg 724w, https:\/\/dpconsulting.pl\/wp-content\/uploads\/2022\/04\/Dz.ch_.09-768x1087.jpg 768w, https:\/\/dpconsulting.pl\/wp-content\/uploads\/2022\/04\/Dz.ch_.09-1086x1536.jpg 1086w, https:\/\/dpconsulting.pl\/wp-content\/uploads\/2022\/04\/Dz.ch_.09-1448x2048.jpg 1448w\" sizes=\"auto, (max-width: 1654px) 100vw, 1654px\" \/><\/p><\/div><div class=\"clear\"><\/div><\/div><\/div><div class=\"wpmtst-testimonial testimonial t-slide post-818\"><div class=\"wpmtst-testimonial-inner testimonial-inner\"><h3 class=\"wpmtst-testimonial-heading testimonial-heading\">Stowarzyszenie Auxilium 2016<\/h3><div data-infinite-loop=\"false\"   class=\"wpmtst-testimonial-content testimonial-content\"><div class=\"maybe-clear\"><\/div><p><img loading=\"lazy\" decoding=\"async\" class=\"aligncenter size-full wp-image-804\" src=\"https:\/\/dpconsulting.pl\/wp-content\/uploads\/2022\/04\/Dz.ch_.08.jpg\" alt=\"\" width=\"1654\" height=\"2340\" srcset=\"https:\/\/dpconsulting.pl\/wp-content\/uploads\/2022\/04\/Dz.ch_.08.jpg 1654w, https:\/\/dpconsulting.pl\/wp-content\/uploads\/2022\/04\/Dz.ch_.08-212x300.jpg 212w, https:\/\/dpconsulting.pl\/wp-content\/uploads\/2022\/04\/Dz.ch_.08-724x1024.jpg 724w, https:\/\/dpconsulting.pl\/wp-content\/uploads\/2022\/04\/Dz.ch_.08-768x1087.jpg 768w, https:\/\/dpconsulting.pl\/wp-content\/uploads\/2022\/04\/Dz.ch_.08-1086x1536.jpg 1086w, https:\/\/dpconsulting.pl\/wp-content\/uploads\/2022\/04\/Dz.ch_.08-1448x2048.jpg 1448w\" sizes=\"auto, (max-width: 1654px) 100vw, 1654px\" \/><\/p><\/div><div class=\"clear\"><\/div><\/div><\/div><div class=\"wpmtst-testimonial testimonial t-slide post-816\"><div class=\"wpmtst-testimonial-inner testimonial-inner\"><h3 class=\"wpmtst-testimonial-heading testimonial-heading\">Stowarzyszenie Auxilium 2015<\/h3><div data-infinite-loop=\"false\"   class=\"wpmtst-testimonial-content testimonial-content\"><div class=\"maybe-clear\"><\/div><p><img loading=\"lazy\" decoding=\"async\" class=\"aligncenter size-full wp-image-803\" src=\"https:\/\/dpconsulting.pl\/wp-content\/uploads\/2022\/04\/Dz.ch_.07.jpg\" alt=\"\" width=\"1654\" height=\"2340\" srcset=\"https:\/\/dpconsulting.pl\/wp-content\/uploads\/2022\/04\/Dz.ch_.07.jpg 1654w, https:\/\/dpconsulting.pl\/wp-content\/uploads\/2022\/04\/Dz.ch_.07-212x300.jpg 212w, https:\/\/dpconsulting.pl\/wp-content\/uploads\/2022\/04\/Dz.ch_.07-724x1024.jpg 724w, https:\/\/dpconsulting.pl\/wp-content\/uploads\/2022\/04\/Dz.ch_.07-768x1087.jpg 768w, https:\/\/dpconsulting.pl\/wp-content\/uploads\/2022\/04\/Dz.ch_.07-1086x1536.jpg 1086w, https:\/\/dpconsulting.pl\/wp-content\/uploads\/2022\/04\/Dz.ch_.07-1448x2048.jpg 1448w\" sizes=\"auto, (max-width: 1654px) 100vw, 1654px\" \/><\/p><\/div><div class=\"clear\"><\/div><\/div><\/div><div class=\"wpmtst-testimonial testimonial t-slide post-815\"><div class=\"wpmtst-testimonial-inner testimonial-inner\"><h3 class=\"wpmtst-testimonial-heading testimonial-heading\">Fundacja Dzieciom &#8222;Zd\u0105\u017cy\u0107 z Pomoc\u0105&#8221; 2013<\/h3><div data-infinite-loop=\"false\"   class=\"wpmtst-testimonial-content testimonial-content\"><div class=\"maybe-clear\"><\/div><p><img loading=\"lazy\" decoding=\"async\" class=\"aligncenter size-full wp-image-802\" src=\"https:\/\/dpconsulting.pl\/wp-content\/uploads\/2022\/04\/Dz.ch_.06.jpg\" alt=\"\" width=\"1654\" height=\"2340\" srcset=\"https:\/\/dpconsulting.pl\/wp-content\/uploads\/2022\/04\/Dz.ch_.06.jpg 1654w, https:\/\/dpconsulting.pl\/wp-content\/uploads\/2022\/04\/Dz.ch_.06-212x300.jpg 212w, https:\/\/dpconsulting.pl\/wp-content\/uploads\/2022\/04\/Dz.ch_.06-724x1024.jpg 724w, https:\/\/dpconsulting.pl\/wp-content\/uploads\/2022\/04\/Dz.ch_.06-768x1087.jpg 768w, https:\/\/dpconsulting.pl\/wp-content\/uploads\/2022\/04\/Dz.ch_.06-1086x1536.jpg 1086w, https:\/\/dpconsulting.pl\/wp-content\/uploads\/2022\/04\/Dz.ch_.06-1448x2048.jpg 1448w\" sizes=\"auto, (max-width: 1654px) 100vw, 1654px\" \/><\/p><\/div><div class=\"clear\"><\/div><\/div><\/div><div class=\"wpmtst-testimonial testimonial t-slide post-721\"><div class=\"wpmtst-testimonial-inner testimonial-inner\"><h3 class=\"wpmtst-testimonial-heading testimonial-heading\">Fundacja Dzieciom &#8222;Zd\u0105\u017cy\u0107 z Pomoc\u0105&#8221; 2013<\/h3><div data-infinite-loop=\"false\"   class=\"wpmtst-testimonial-content testimonial-content\"><div class=\"maybe-clear\"><\/div><p><img loading=\"lazy\" decoding=\"async\" class=\"alignnone size-full wp-image-467\" src=\"https:\/\/dpconsulting.pl\/wp-content\/uploads\/2020\/10\/pomoc_130809.jpg\" alt=\"\" width=\"1700\" height=\"2337\" srcset=\"https:\/\/dpconsulting.pl\/wp-content\/uploads\/2020\/10\/pomoc_130809.jpg 1700w, https:\/\/dpconsulting.pl\/wp-content\/uploads\/2020\/10\/pomoc_130809-218x300.jpg 218w, https:\/\/dpconsulting.pl\/wp-content\/uploads\/2020\/10\/pomoc_130809-745x1024.jpg 745w, https:\/\/dpconsulting.pl\/wp-content\/uploads\/2020\/10\/pomoc_130809-768x1056.jpg 768w, https:\/\/dpconsulting.pl\/wp-content\/uploads\/2020\/10\/pomoc_130809-1117x1536.jpg 1117w, https:\/\/dpconsulting.pl\/wp-content\/uploads\/2020\/10\/pomoc_130809-1490x2048.jpg 1490w\" sizes=\"auto, (max-width: 1700px) 100vw, 1700px\" \/><\/p><\/div><div class=\"clear\"><\/div><\/div><\/div><div class=\"wpmtst-testimonial testimonial t-slide post-814\"><div class=\"wpmtst-testimonial-inner testimonial-inner\"><h3 class=\"wpmtst-testimonial-heading testimonial-heading\">Stowarzyszenie Auxilium 2013<\/h3><div data-infinite-loop=\"false\"   class=\"wpmtst-testimonial-content testimonial-content\"><div class=\"maybe-clear\"><\/div><p><img loading=\"lazy\" decoding=\"async\" class=\"aligncenter size-full wp-image-801\" src=\"https:\/\/dpconsulting.pl\/wp-content\/uploads\/2022\/04\/Dz.ch_.05.jpg\" alt=\"\" width=\"1654\" height=\"2340\" srcset=\"https:\/\/dpconsulting.pl\/wp-content\/uploads\/2022\/04\/Dz.ch_.05.jpg 1654w, https:\/\/dpconsulting.pl\/wp-content\/uploads\/2022\/04\/Dz.ch_.05-212x300.jpg 212w, https:\/\/dpconsulting.pl\/wp-content\/uploads\/2022\/04\/Dz.ch_.05-724x1024.jpg 724w, https:\/\/dpconsulting.pl\/wp-content\/uploads\/2022\/04\/Dz.ch_.05-768x1087.jpg 768w, https:\/\/dpconsulting.pl\/wp-content\/uploads\/2022\/04\/Dz.ch_.05-1086x1536.jpg 1086w, https:\/\/dpconsulting.pl\/wp-content\/uploads\/2022\/04\/Dz.ch_.05-1448x2048.jpg 1448w\" sizes=\"auto, (max-width: 1654px) 100vw, 1654px\" \/><\/p><\/div><div class=\"clear\"><\/div><\/div><\/div><div class=\"wpmtst-testimonial testimonial t-slide post-809\"><div class=\"wpmtst-testimonial-inner testimonial-inner\"><h3 class=\"wpmtst-testimonial-heading testimonial-heading\">Stowarzyszenie Auxilium 2012<\/h3><div data-infinite-loop=\"false\"   class=\"wpmtst-testimonial-content testimonial-content\"><div class=\"maybe-clear\"><\/div><p><img loading=\"lazy\" decoding=\"async\" class=\"aligncenter size-full wp-image-796\" src=\"https:\/\/dpconsulting.pl\/wp-content\/uploads\/2022\/04\/Dz.ch_..2.jpg\" alt=\"\" width=\"1654\" height=\"2340\" srcset=\"https:\/\/dpconsulting.pl\/wp-content\/uploads\/2022\/04\/Dz.ch_..2.jpg 1654w, https:\/\/dpconsulting.pl\/wp-content\/uploads\/2022\/04\/Dz.ch_..2-212x300.jpg 212w, https:\/\/dpconsulting.pl\/wp-content\/uploads\/2022\/04\/Dz.ch_..2-724x1024.jpg 724w, https:\/\/dpconsulting.pl\/wp-content\/uploads\/2022\/04\/Dz.ch_..2-768x1087.jpg 768w, https:\/\/dpconsulting.pl\/wp-content\/uploads\/2022\/04\/Dz.ch_..2-1086x1536.jpg 1086w, https:\/\/dpconsulting.pl\/wp-content\/uploads\/2022\/04\/Dz.ch_..2-1448x2048.jpg 1448w\" sizes=\"auto, (max-width: 1654px) 100vw, 1654px\" \/><\/p><\/div><div class=\"clear\"><\/div><\/div><\/div><div class=\"wpmtst-testimonial testimonial t-slide post-808\"><div class=\"wpmtst-testimonial-inner testimonial-inner\"><h3 class=\"wpmtst-testimonial-heading testimonial-heading\">Fundacja Dzieciom &#8222;Zd\u0105\u017cy\u0107 z Pomoc\u0105&#8221; 2011<\/h3><div data-infinite-loop=\"false\"   class=\"wpmtst-testimonial-content testimonial-content\"><div class=\"maybe-clear\"><\/div><p><img loading=\"lazy\" decoding=\"async\" class=\"aligncenter size-full wp-image-795\" src=\"https:\/\/dpconsulting.pl\/wp-content\/uploads\/2022\/04\/Dz.ch_..1.jpg\" alt=\"\" width=\"1654\" height=\"2340\" srcset=\"https:\/\/dpconsulting.pl\/wp-content\/uploads\/2022\/04\/Dz.ch_..1.jpg 1654w, https:\/\/dpconsulting.pl\/wp-content\/uploads\/2022\/04\/Dz.ch_..1-212x300.jpg 212w, https:\/\/dpconsulting.pl\/wp-content\/uploads\/2022\/04\/Dz.ch_..1-724x1024.jpg 724w, https:\/\/dpconsulting.pl\/wp-content\/uploads\/2022\/04\/Dz.ch_..1-768x1087.jpg 768w, https:\/\/dpconsulting.pl\/wp-content\/uploads\/2022\/04\/Dz.ch_..1-1086x1536.jpg 1086w, https:\/\/dpconsulting.pl\/wp-content\/uploads\/2022\/04\/Dz.ch_..1-1448x2048.jpg 1448w\" sizes=\"auto, (max-width: 1654px) 100vw, 1654px\" \/><\/p><\/div><div class=\"clear\"><\/div><\/div><\/div><div class=\"wpmtst-testimonial testimonial t-slide post-813\"><div class=\"wpmtst-testimonial-inner testimonial-inner\"><h3 class=\"wpmtst-testimonial-heading testimonial-heading\">Stowarzyszenie Auxilium 2010<\/h3><div data-infinite-loop=\"false\"   class=\"wpmtst-testimonial-content testimonial-content\"><div class=\"maybe-clear\"><\/div><p><img loading=\"lazy\" decoding=\"async\" class=\"aligncenter size-full wp-image-800\" src=\"https:\/\/dpconsulting.pl\/wp-content\/uploads\/2022\/04\/Dz.ch_.04.jpg\" alt=\"\" width=\"1654\" height=\"2340\" srcset=\"https:\/\/dpconsulting.pl\/wp-content\/uploads\/2022\/04\/Dz.ch_.04.jpg 1654w, https:\/\/dpconsulting.pl\/wp-content\/uploads\/2022\/04\/Dz.ch_.04-212x300.jpg 212w, https:\/\/dpconsulting.pl\/wp-content\/uploads\/2022\/04\/Dz.ch_.04-724x1024.jpg 724w, https:\/\/dpconsulting.pl\/wp-content\/uploads\/2022\/04\/Dz.ch_.04-768x1087.jpg 768w, https:\/\/dpconsulting.pl\/wp-content\/uploads\/2022\/04\/Dz.ch_.04-1086x1536.jpg 1086w, https:\/\/dpconsulting.pl\/wp-content\/uploads\/2022\/04\/Dz.ch_.04-1448x2048.jpg 1448w\" sizes=\"auto, (max-width: 1654px) 100vw, 1654px\" \/><\/p><\/div><div class=\"clear\"><\/div><\/div><\/div><div class=\"wpmtst-testimonial testimonial t-slide post-812\"><div class=\"wpmtst-testimonial-inner testimonial-inner\"><h3 class=\"wpmtst-testimonial-heading testimonial-heading\">Fundacja Dzieciom &#8222;Zd\u0105\u017cy\u0107 z Pomoc\u0105&#8221; 2010<\/h3><div data-infinite-loop=\"false\"   class=\"wpmtst-testimonial-content testimonial-content\"><div class=\"maybe-clear\"><\/div><p><img loading=\"lazy\" decoding=\"async\" class=\"aligncenter size-full wp-image-799\" src=\"https:\/\/dpconsulting.pl\/wp-content\/uploads\/2022\/04\/Dz.ch_.03.jpg\" alt=\"\" width=\"1654\" height=\"2340\" srcset=\"https:\/\/dpconsulting.pl\/wp-content\/uploads\/2022\/04\/Dz.ch_.03.jpg 1654w, https:\/\/dpconsulting.pl\/wp-content\/uploads\/2022\/04\/Dz.ch_.03-212x300.jpg 212w, https:\/\/dpconsulting.pl\/wp-content\/uploads\/2022\/04\/Dz.ch_.03-724x1024.jpg 724w, https:\/\/dpconsulting.pl\/wp-content\/uploads\/2022\/04\/Dz.ch_.03-768x1087.jpg 768w, https:\/\/dpconsulting.pl\/wp-content\/uploads\/2022\/04\/Dz.ch_.03-1086x1536.jpg 1086w, https:\/\/dpconsulting.pl\/wp-content\/uploads\/2022\/04\/Dz.ch_.03-1448x2048.jpg 1448w\" sizes=\"auto, (max-width: 1654px) 100vw, 1654px\" \/><\/p><\/div><div class=\"clear\"><\/div><\/div><\/div><div class=\"wpmtst-testimonial testimonial t-slide post-811\"><div class=\"wpmtst-testimonial-inner testimonial-inner\"><h3 class=\"wpmtst-testimonial-heading testimonial-heading\">Fundacja Serce Dziecka im. Diny Radziwi\u0142\u0142owej 2008<\/h3><div data-infinite-loop=\"false\"   class=\"wpmtst-testimonial-content testimonial-content\"><div class=\"maybe-clear\"><\/div><p><img loading=\"lazy\" decoding=\"async\" class=\"aligncenter size-full wp-image-798\" src=\"https:\/\/dpconsulting.pl\/wp-content\/uploads\/2022\/04\/Dz.ch_.02.jpg\" alt=\"\" width=\"1654\" height=\"2340\" srcset=\"https:\/\/dpconsulting.pl\/wp-content\/uploads\/2022\/04\/Dz.ch_.02.jpg 1654w, https:\/\/dpconsulting.pl\/wp-content\/uploads\/2022\/04\/Dz.ch_.02-212x300.jpg 212w, https:\/\/dpconsulting.pl\/wp-content\/uploads\/2022\/04\/Dz.ch_.02-724x1024.jpg 724w, https:\/\/dpconsulting.pl\/wp-content\/uploads\/2022\/04\/Dz.ch_.02-768x1087.jpg 768w, https:\/\/dpconsulting.pl\/wp-content\/uploads\/2022\/04\/Dz.ch_.02-1086x1536.jpg 1086w, https:\/\/dpconsulting.pl\/wp-content\/uploads\/2022\/04\/Dz.ch_.02-1448x2048.jpg 1448w\" sizes=\"auto, (max-width: 1654px) 100vw, 1654px\" \/><\/p><\/div><div class=\"clear\"><\/div><\/div><\/div><div class=\"wpmtst-testimonial testimonial t-slide post-810\"><div class=\"wpmtst-testimonial-inner testimonial-inner\"><h3 class=\"wpmtst-testimonial-heading testimonial-heading\">Fundacja Dzieciom &#8222;Zd\u0105\u017cy\u0107 z Pomoc\u0105&#8221; 2008<\/h3><div data-infinite-loop=\"false\"   class=\"wpmtst-testimonial-content testimonial-content\"><div class=\"maybe-clear\"><\/div><p><img loading=\"lazy\" decoding=\"async\" class=\"aligncenter size-full wp-image-797\" src=\"https:\/\/dpconsulting.pl\/wp-content\/uploads\/2022\/04\/Dz.ch_.01.jpg\" alt=\"\" width=\"1654\" height=\"2340\" srcset=\"https:\/\/dpconsulting.pl\/wp-content\/uploads\/2022\/04\/Dz.ch_.01.jpg 1654w, https:\/\/dpconsulting.pl\/wp-content\/uploads\/2022\/04\/Dz.ch_.01-212x300.jpg 212w, https:\/\/dpconsulting.pl\/wp-content\/uploads\/2022\/04\/Dz.ch_.01-724x1024.jpg 724w, https:\/\/dpconsulting.pl\/wp-content\/uploads\/2022\/04\/Dz.ch_.01-768x1087.jpg 768w, https:\/\/dpconsulting.pl\/wp-content\/uploads\/2022\/04\/Dz.ch_.01-1086x1536.jpg 1086w, https:\/\/dpconsulting.pl\/wp-content\/uploads\/2022\/04\/Dz.ch_.01-1448x2048.jpg 1448w\" sizes=\"auto, (max-width: 1654px) 100vw, 1654px\" \/><\/p><\/div><div class=\"clear\"><\/div><\/div><\/div><\/div><\/div>\n<\/div>\n<\/div><\/div><\/div><\/div><div id=\"pg-gb434-6a046a37738fa-1\"  class=\"panel-grid panel-no-style\" ><div id=\"pgc-gb434-6a046a37738fa-1-0\"  class=\"panel-grid-cell panel-grid-cell-empty panel-grid-cell-mobile-last\" ><\/div><div id=\"pgc-gb434-6a046a37738fa-1-1\"  class=\"panel-grid-cell panel-grid-cell-empty\" ><\/div><\/div><\/div><\/div><\/div>\n","protected":false},"excerpt":{"rendered":"","protected":false},"author":1,"featured_media":0,"parent":0,"menu_order":0,"comment_status":"closed","ping_status":"closed","template":"","meta":{"footnotes":""},"class_list":["post-434","page","type-page","status-publish","hentry","post"],"_links":{"self":[{"href":"https:\/\/dpconsulting.pl\/index.php\/wp-json\/wp\/v2\/pages\/434","targetHints":{"allow":["GET"]}}],"collection":[{"href":"https:\/\/dpconsulting.pl\/index.php\/wp-json\/wp\/v2\/pages"}],"about":[{"href":"https:\/\/dpconsulting.pl\/index.php\/wp-json\/wp\/v2\/types\/page"}],"author":[{"embeddable":true,"href":"https:\/\/dpconsulting.pl\/index.php\/wp-json\/wp\/v2\/users\/1"}],"replies":[{"embeddable":true,"href":"https:\/\/dpconsulting.pl\/index.php\/wp-json\/wp\/v2\/comments?post=434"}],"version-history":[{"count":10,"href":"https:\/\/dpconsulting.pl\/index.php\/wp-json\/wp\/v2\/pages\/434\/revisions"}],"predecessor-version":[{"id":1391,"href":"https:\/\/dpconsulting.pl\/index.php\/wp-json\/wp\/v2\/pages\/434\/revisions\/1391"}],"wp:attachment":[{"href":"https:\/\/dpconsulting.pl\/index.php\/wp-json\/wp\/v2\/media?parent=434"}],"curies":[{"name":"wp","href":"https:\/\/api.w.org\/{rel}","templated":true}]}}