{"id":18,"date":"2020-10-20T10:17:45","date_gmt":"2020-10-20T08:17:45","guid":{"rendered":"http:\/\/nowa.dpconsulting.pl\/?page_id=18"},"modified":"2020-10-21T09:05:11","modified_gmt":"2020-10-21T07:05:11","slug":"blog","status":"publish","type":"page","link":"https:\/\/dpconsulting.pl\/index.php\/blog\/","title":{"rendered":"Blog"},"content":{"rendered":"<div id=\"pl-gb18-6a045e35e545f\"  class=\"panel-layout\" ><div id=\"pg-gb18-6a045e35e545f-0\"  class=\"panel-grid panel-no-style\" ><div id=\"pgc-gb18-6a045e35e545f-0-0\"  class=\"panel-grid-cell\" ><div id=\"panel-gb18-6a045e35e545f-0-0-0\" class=\"so-panel widget widget_siteorigin-panels-postloop panel-first-child panel-last-child\" data-index=\"0\" >\n\n\t\t\n\t\t\n<article id=\"post-1549\" class=\"post-1549 post type-post status-publish format-standard hentry category-blog\">\n\n\t\n\t<div class=\"entry-main\">\n\n\t\t\n\t\t<header class=\"entry-header\">\n\t\t\t\n\t\t\t<h1 class=\"entry-title\"><a href=\"https:\/\/dpconsulting.pl\/index.php\/2026\/04\/02\/wesolych-swiat-wielkanocnych-2\/\" title=\"Permalink to Weso\u0142ych \u015awi\u0105t Wielkanocnych\" rel=\"bookmark\">Weso\u0142ych \u015awi\u0105t Wielkanocnych<\/a><\/h1>\n\n\t\t\t\n\t\t<\/header><!-- .entry-header -->\n\n\t\t\t\t\t<div class=\"entry-content\">\n\t\t\t\t<p class=\"isselectedend\" style=\"text-align: justify;\"><img loading=\"lazy\" decoding=\"async\" class=\"wp-image-1554 aligncenter\" src=\"https:\/\/dpconsulting.pl\/wp-content\/uploads\/2026\/04\/Wielkanoc-2026-DPC-2-300x200.jpg\" alt=\"\" width=\"434\" height=\"289\" srcset=\"https:\/\/dpconsulting.pl\/wp-content\/uploads\/2026\/04\/Wielkanoc-2026-DPC-2-300x200.jpg 300w, https:\/\/dpconsulting.pl\/wp-content\/uploads\/2026\/04\/Wielkanoc-2026-DPC-2-272x182.jpg 272w, https:\/\/dpconsulting.pl\/wp-content\/uploads\/2026\/04\/Wielkanoc-2026-DPC-2.jpg 360w\" sizes=\"auto, (max-width: 434px) 100vw, 434px\" \/><\/p>\n<p class=\"isselectedend\" style=\"text-align: justify;\">\n\t\t\t\t\t\t\t\t\t\t\t\t\t\t\t<\/div><!-- .entry-content -->\n\t\t\n\t\t\n\t<\/div>\n\n<\/article><!-- #post-1549 -->\n\n\t\n\t\t\n<article id=\"post-1541\" class=\"post-1541 post type-post status-publish format-standard hentry category-bez-kategorii\">\n\n\t\n\t<div class=\"entry-main\">\n\n\t\t\n\t\t<header class=\"entry-header\">\n\t\t\t\n\t\t\t<h1 class=\"entry-title\"><a href=\"https:\/\/dpconsulting.pl\/index.php\/2026\/02\/23\/audyty-projektow-pfron-3\/\" title=\"Permalink to Audyty projekt\u00f3w PFRON\" rel=\"bookmark\">Audyty projekt\u00f3w PFRON<\/a><\/h1>\n\n\t\t\t\n\t\t<\/header><!-- .entry-header -->\n\n\t\t\t\t\t<div class=\"entry-content\">\n\t\t\t\t<p>Marzec to dla naszej sp\u00f3\u0142ki przede wszystkim miesi\u0105c realizacji audyt\u00f3w zewn\u0119trznych projekt\u00f3w finansowanych w ramach \u015brodk\u00f3w pochodz\u0105cych z Pa\u0144stwowego Funduszu Rehabilitacji Os\u00f3b Niepe\u0142nosprawnych. Tak\u017ce w tym roku nasi audytorzy przeprowadz\u0105 kilkadziesi\u0105t audyt\u00f3w w organizacjach po\u017cytku publicznego, nastawionych na pomoc osobom niepe\u0142nosprawnym.<\/p>\n\n\n<p><\/p>\n\t\t\t\t\t\t\t\t\t\t\t\t\t\t\t<\/div><!-- .entry-content -->\n\t\t\n\t\t\n\t<\/div>\n\n<\/article><!-- #post-1541 -->\n\n\t\n\t\t\n<article id=\"post-1538\" class=\"post-1538 post type-post status-publish format-standard hentry category-blog\">\n\n\t\n\t<div class=\"entry-main\">\n\n\t\t\n\t\t<header class=\"entry-header\">\n\t\t\t\n\t\t\t<h1 class=\"entry-title\"><a href=\"https:\/\/dpconsulting.pl\/index.php\/2026\/01\/28\/audyt-projektu-ncbr-2\/\" title=\"Permalink to Audyt projektu NCBR\" rel=\"bookmark\">Audyt projektu NCBR<\/a><\/h1>\n\n\t\t\t\n\t\t<\/header><!-- .entry-header -->\n\n\t\t\t\t\t<div class=\"entry-content\">\n\t\t\t\t<p>DPC zako\u0144czy\u0142a realizacj\u0119 audytu zewn\u0119trznego projektu realizowanego przez gdy\u0144sk\u0105 sp\u00f3\u0142k\u0119, finansowanego ze \u015brodk\u00f3w Programu na rzecz bezpiecze\u0144stwa i obronno\u015bci pa\u0144stwa Narodowego Centrum Bada\u0144 i Rozwoju, kt\u00f3rego warto\u015b\u0107 opiewa na blisko 160 mln z\u0142otych. Wynikiem projektu jest opracowanie prototypu Mobilnego Taktycznego Systemu \u0141\u0105czno\u015bci Bezprzewodowej. Audytorzy wydali pozytywn\u0105 opini\u0119 na temat realizacji projektu.<\/p>\n\t\t\t\t\t\t\t\t\t\t\t\t\t\t\t<\/div><!-- .entry-content -->\n\t\t\n\t\t\n\t<\/div>\n\n<\/article><!-- #post-1538 -->\n\n\t\n\t\t\n<article id=\"post-1531\" class=\"post-1531 post type-post status-publish format-standard hentry category-blog\">\n\n\t\n\t<div class=\"entry-main\">\n\n\t\t\n\t\t<header class=\"entry-header\">\n\t\t\t\n\t\t\t<h1 class=\"entry-title\"><a href=\"https:\/\/dpconsulting.pl\/index.php\/2025\/12\/19\/wesolych-swiat-i-szczesliwego-nowego-roku-2\/\" title=\"Permalink to Weso\u0142ych \u015awi\u0105t i Szcz\u0119\u015bliwego Nowego Roku\" rel=\"bookmark\">Weso\u0142ych \u015awi\u0105t i Szcz\u0119\u015bliwego Nowego Roku<\/a><\/h1>\n\n\t\t\t\n\t\t<\/header><!-- .entry-header -->\n\n\t\t\t\t\t<div class=\"entry-content\">\n\t\t\t\t<p style=\"text-align: center;\"><strong>Z okazji \u015awi\u0105t Bo\u017cego Narodzenia pragniemy z\u0142o\u017cy\u0107 Pa\u0144stwu \u017cyczenia radosnych, pe\u0142nych ciep\u0142a i \u017cyczliwo\u015bci chwil w gronie tych, kt\u00f3rych kochacie oraz powodzenia i sukces\u00f3w \u2013 zar\u00f3wno tych zawodowych, jak i prywatnych \u2013 w Nowym Roku 2026.<\/strong><\/p>\n<p>\u00a0<\/p>\n\n<div class=\"wp-block-image\">\n<figure class=\"aligncenter size-large is-resized\"><img loading=\"lazy\" decoding=\"async\" width=\"1024\" height=\"683\" src=\"https:\/\/dpconsulting.pl\/wp-content\/uploads\/2025\/12\/bozenarodzeniowy-tlo-z-dekoracyjna-jodla-na-zamazanym-tle-z-bokeh-1024x683.jpg\" alt=\"\" class=\"wp-image-1535\" style=\"width:576px;height:auto\" srcset=\"https:\/\/dpconsulting.pl\/wp-content\/uploads\/2025\/12\/bozenarodzeniowy-tlo-z-dekoracyjna-jodla-na-zamazanym-tle-z-bokeh-1024x683.jpg 1024w, https:\/\/dpconsulting.pl\/wp-content\/uploads\/2025\/12\/bozenarodzeniowy-tlo-z-dekoracyjna-jodla-na-zamazanym-tle-z-bokeh-300x200.jpg 300w, https:\/\/dpconsulting.pl\/wp-content\/uploads\/2025\/12\/bozenarodzeniowy-tlo-z-dekoracyjna-jodla-na-zamazanym-tle-z-bokeh-768x512.jpg 768w, https:\/\/dpconsulting.pl\/wp-content\/uploads\/2025\/12\/bozenarodzeniowy-tlo-z-dekoracyjna-jodla-na-zamazanym-tle-z-bokeh-1536x1024.jpg 1536w, https:\/\/dpconsulting.pl\/wp-content\/uploads\/2025\/12\/bozenarodzeniowy-tlo-z-dekoracyjna-jodla-na-zamazanym-tle-z-bokeh-2048x1365.jpg 2048w, https:\/\/dpconsulting.pl\/wp-content\/uploads\/2025\/12\/bozenarodzeniowy-tlo-z-dekoracyjna-jodla-na-zamazanym-tle-z-bokeh-272x182.jpg 272w\" sizes=\"auto, (max-width: 1024px) 100vw, 1024px\" \/><\/figure>\n<\/div>\t\t\t\t\t\t\t\t\t\t\t\t\t\t\t<\/div><!-- .entry-content -->\n\t\t\n\t\t\n\t<\/div>\n\n<\/article><!-- #post-1531 -->\n\n\t\n\t\t\n<article id=\"post-1528\" class=\"post-1528 post type-post status-publish format-standard hentry category-blog\">\n\n\t\n\t<div class=\"entry-main\">\n\n\t\t\n\t\t<header class=\"entry-header\">\n\t\t\t\n\t\t\t<h1 class=\"entry-title\"><a href=\"https:\/\/dpconsulting.pl\/index.php\/2025\/12\/12\/ocena-inwestycji\/\" title=\"Permalink to Ocena inwestycji\" rel=\"bookmark\">Ocena inwestycji<\/a><\/h1>\n\n\t\t\t\n\t\t<\/header><!-- .entry-header -->\n\n\t\t\t\t\t<div class=\"entry-content\">\n\t\t\t\t<p>DPC zako\u0144czy\u0142a realizacj\u0119 us\u0142ugi oceny inwestycji o warto\u015bci 17,8 mln z\u0142otych realizowanej w latach 2016 \u2013 2024. Audyt inwestycji obejmowa\u0142: ocen\u0119 realizacji inwestycji \u2013 analiz\u0119 i ocen\u0119 obowi\u0105zuj\u0105cych w Urz\u0119dzie regulacji wewn\u0119trznych oraz stosowanych praktyk w zakresie prowadzenia proces\u00f3w inwestycyjnych, analiz\u0119 i ocen\u0119 struktury powi\u0105za\u0144 podmiot\u00f3w bior\u0105cych udzia\u0142 w procesach inwestycyjnych.<\/p>\n\n\n<p><\/p>\n\t\t\t\t\t\t\t\t\t\t\t\t\t\t\t<\/div><!-- .entry-content -->\n\t\t\n\t\t\n\t<\/div>\n\n<\/article><!-- #post-1528 -->\n\n\t\n\t\t\n<article id=\"post-1525\" class=\"post-1525 post type-post status-publish format-standard hentry category-blog\">\n\n\t\n\t<div class=\"entry-main\">\n\n\t\t\n\t\t<header class=\"entry-header\">\n\t\t\t\n\t\t\t<h1 class=\"entry-title\"><a href=\"https:\/\/dpconsulting.pl\/index.php\/2025\/10\/21\/audyt-inwestycji\/\" title=\"Permalink to Audyt inwestycji\" rel=\"bookmark\">Audyt inwestycji<\/a><\/h1>\n\n\t\t\t\n\t\t<\/header><!-- .entry-header -->\n\n\t\t\t\t\t<div class=\"entry-content\">\n\t\t\t\t<p>Sp\u00f3\u0142ka podpisa\u0142a umow\u0119 na us\u0142ug\u0119 weryfikacji prawid\u0142owo\u015bci realizacji wybranych proces\u00f3w inwestycyjnych realizowanych przez Gmin\u0119 Miasto \u015awinouj\u015bcie. Opracowanie w formie raportu, zawieraj\u0105ce niezale\u017cn\u0105 i obiektywn\u0105 ocen\u0119 systemu realizacji inwestycji, w tym spostrze\u017cenia oraz wskazanie zalece\u0144 poprawy, zostanie przekazane Zamawiaj\u0105cemu do 21 listopada. <\/p>\n\t\t\t\t\t\t\t\t\t\t\t\t\t\t\t<\/div><!-- .entry-content -->\n\t\t\n\t\t\n\t<\/div>\n\n<\/article><!-- #post-1525 -->\n\n\t\n\t\t\n<article id=\"post-1523\" class=\"post-1523 post type-post status-publish format-standard hentry category-blog\">\n\n\t\n\t<div class=\"entry-main\">\n\n\t\t\n\t\t<header class=\"entry-header\">\n\t\t\t\n\t\t\t<h1 class=\"entry-title\"><a href=\"https:\/\/dpconsulting.pl\/index.php\/2025\/10\/21\/analiza-postepowan-przetargowych\/\" title=\"Permalink to Analiza post\u0119powa\u0144 przetargowych\" rel=\"bookmark\">Analiza post\u0119powa\u0144 przetargowych<\/a><\/h1>\n\n\t\t\t\n\t\t<\/header><!-- .entry-header -->\n\n\t\t\t\t\t<div class=\"entry-content\">\n\t\t\t\t<p>DPC rozpocz\u0119\u0142a realizacj\u0119 us\u0142ugi polegaj\u0105cej na weryfikacji prawid\u0142owo\u015bci udzielania zam\u00f3wie\u0144 publicznych w \u015bwietle przepis\u00f3w prawa krajowego i Unii Europejskiej, wytycznych wydawanych przez ministra w\u0142a\u015bciwego do spraw rozwoju regionalnego oraz um\u00f3w w sprawie realizacji projekt\u00f3w, kt\u00f3re otrzyma\u0142y dofinansowanie ze \u015brodk\u00f3w FERS na lata 2021-2027. W ramach umowy, kt\u00f3ra zosta\u0142a zawarta na okres 12 miesi\u0119cy, przewidziane jest zlecenie od 50 do 100 kontroli post\u0119powa\u0144.<\/p>\n\t\t\t\t\t\t\t\t\t\t\t\t\t\t\t<\/div><!-- .entry-content -->\n\t\t\n\t\t\n\t<\/div>\n\n<\/article><!-- #post-1523 -->\n\n\t\n\t\t\n<article id=\"post-1518\" class=\"post-1518 post type-post status-publish format-standard hentry category-blog\">\n\n\t\n\t<div class=\"entry-main\">\n\n\t\t\n\t\t<header class=\"entry-header\">\n\t\t\t\n\t\t\t<h1 class=\"entry-title\"><a href=\"https:\/\/dpconsulting.pl\/index.php\/2025\/09\/18\/audyt-projektu-npz\/\" title=\"Permalink to Audyt projektu NPZ\" rel=\"bookmark\">Audyt projektu NPZ<\/a><\/h1>\n\n\t\t\t\n\t\t<\/header><!-- .entry-header -->\n\n\t\t\t\t\t<div class=\"entry-content\">\n\t\t\t\t<p>DPC podpisa\u0142a umow\u0119 na us\u0142ug\u0119 przeprowadzenia audytu zewn\u0119trznego projektu z zakresu zdrowia publicznego realizowanego w ramach Narodowego Programu Zdrowia na lata 2021-2025. G\u0142\u00f3wnym celem audytu jest sprawdzenie czy projekt jest realizowany zgodnie z umow\u0105 o finansowanie oraz potwierdzenie kwalifikowalno\u015bci wydatk\u00f3w. Sprawozdanie z audytu zostanie przedstawione jednostce do 6 pa\u017adziernika.<\/p>\n\t\t\t\t\t\t\t\t\t\t\t\t\t\t\t<\/div><!-- .entry-content -->\n\t\t\n\t\t\n\t<\/div>\n\n<\/article><!-- #post-1518 -->\n\n\t\n\t\t\n<article id=\"post-1513\" class=\"post-1513 post type-post status-publish format-standard hentry category-blog\">\n\n\t\n\t<div class=\"entry-main\">\n\n\t\t\n\t\t<header class=\"entry-header\">\n\t\t\t\n\t\t\t<h1 class=\"entry-title\"><a href=\"https:\/\/dpconsulting.pl\/index.php\/2025\/08\/11\/badanie-zamowien-publicznych-2\/\" title=\"Permalink to Badanie zam\u00f3wie\u0144 publicznych\" rel=\"bookmark\">Badanie zam\u00f3wie\u0144 publicznych<\/a><\/h1>\n\n\t\t\t\n\t\t<\/header><!-- .entry-header -->\n\n\t\t\t\t\t<div class=\"entry-content\">\n\t\t\t\t<p>Oferta DPC okaza\u0142a si\u0119 najlepsza w post\u0119powaniu na przeprowadzenie audytu prawid\u0142owo\u015bci udzielania zam\u00f3wie\u0144 publicznych, do zbadania zostanie wytypowanych 13 post\u0119powa\u0144, realizacj\u0119 zam\u00f3wienia przewidziano na wrzesie\u0144.<\/p>\n\n\n<p><\/p>\n\t\t\t\t\t\t\t\t\t\t\t\t\t\t\t<\/div><!-- .entry-content -->\n\t\t\n\t\t\n\t<\/div>\n\n<\/article><!-- #post-1513 -->\n\n\t\n\t\t\n<article id=\"post-1508\" class=\"post-1508 post type-post status-publish format-standard hentry category-blog\">\n\n\t\n\t<div class=\"entry-main\">\n\n\t\t\n\t\t<header class=\"entry-header\">\n\t\t\t\n\t\t\t<h1 class=\"entry-title\"><a href=\"https:\/\/dpconsulting.pl\/index.php\/2025\/07\/22\/audyt-postepowan\/\" title=\"Permalink to Audyt post\u0119powa\u0144\" rel=\"bookmark\">Audyt post\u0119powa\u0144<\/a><\/h1>\n\n\t\t\t\n\t\t<\/header><!-- .entry-header -->\n\n\t\t\t\t\t<div class=\"entry-content\">\n\t\t\t\t<p>Nasza sp\u00f3\u0142ka wykonywa\u0142a audyt ex-post 12 post\u0119powa\u0144 o udzielenie zam\u00f3wie\u0144 przeprowadzonych na podstawie Regulaminu udzielania zam\u00f3wie\u0144 sektorowych na dostawy, us\u0142ugi i roboty budowlane w Zabrza\u0144skim Przedsi\u0119biorstwie Energetyki Cieplnej Sp\u00f3\u0142ka z o.o. Realizacja us\u0142ugi przebieg\u0142a sprawnie i pomy\u015blnie. Wykonawca otrzyma\u0142 pozytywne rekomendacje.<\/p>\n\n\n<p><\/p>\n\t\t\t\t\t\t\t\t\t\t\t\t\t\t\t<\/div><!-- .entry-content -->\n\t\t\n\t\t\n\t<\/div>\n\n<\/article><!-- #post-1508 -->\n\n\t\n\t\t\t<nav id=\"nav-below\" class=\"site-navigation paging-navigation\">\n\t\t\t<h2 class=\"assistive-text\">Post navigation<\/h2>\n\n\t\t\t<div class='pagination'><span aria-current=\"page\" class=\"page-numbers current\">1<\/span>\n<a class=\"page-numbers\" href=\"https:\/\/dpconsulting.pl\/index.php\/wp-json\/wp\/v2\/pages\/18\/page\/2\/\">2<\/a>\n<a class=\"page-numbers\" href=\"https:\/\/dpconsulting.pl\/index.php\/wp-json\/wp\/v2\/pages\/18\/page\/3\/\">3<\/a>\n<a class=\"page-numbers\" href=\"https:\/\/dpconsulting.pl\/index.php\/wp-json\/wp\/v2\/pages\/18\/page\/4\/\">4<\/a>\n<a class=\"page-numbers\" href=\"https:\/\/dpconsulting.pl\/index.php\/wp-json\/wp\/v2\/pages\/18\/page\/5\/\">5<\/a>\n<a class=\"page-numbers\" href=\"https:\/\/dpconsulting.pl\/index.php\/wp-json\/wp\/v2\/pages\/18\/page\/6\/\">6<\/a>\n<span class=\"page-numbers dots\">&hellip;<\/span>\n<a class=\"page-numbers\" href=\"https:\/\/dpconsulting.pl\/index.php\/wp-json\/wp\/v2\/pages\/18\/page\/10\/\">10<\/a>\n<a class=\"next page-numbers\" href=\"https:\/\/dpconsulting.pl\/index.php\/wp-json\/wp\/v2\/pages\/18\/page\/2\/\">Nast\u0119pne &raquo;<\/a><\/div>\n\n\t\t<\/nav><!-- #nav-below -->\n\t\t\n<\/div><\/div><\/div><\/div>","protected":false},"excerpt":{"rendered":"","protected":false},"author":1,"featured_media":0,"parent":0,"menu_order":0,"comment_status":"closed","ping_status":"closed","template":"","meta":{"footnotes":""},"class_list":["post-18","page","type-page","status-publish","hentry","post"],"_links":{"self":[{"href":"https:\/\/dpconsulting.pl\/index.php\/wp-json\/wp\/v2\/pages\/18","targetHints":{"allow":["GET"]}}],"collection":[{"href":"https:\/\/dpconsulting.pl\/index.php\/wp-json\/wp\/v2\/pages"}],"about":[{"href":"https:\/\/dpconsulting.pl\/index.php\/wp-json\/wp\/v2\/types\/page"}],"author":[{"embeddable":true,"href":"https:\/\/dpconsulting.pl\/index.php\/wp-json\/wp\/v2\/users\/1"}],"replies":[{"embeddable":true,"href":"https:\/\/dpconsulting.pl\/index.php\/wp-json\/wp\/v2\/comments?post=18"}],"version-history":[{"count":2,"href":"https:\/\/dpconsulting.pl\/index.php\/wp-json\/wp\/v2\/pages\/18\/revisions"}],"predecessor-version":[{"id":82,"href":"https:\/\/dpconsulting.pl\/index.php\/wp-json\/wp\/v2\/pages\/18\/revisions\/82"}],"wp:attachment":[{"href":"https:\/\/dpconsulting.pl\/index.php\/wp-json\/wp\/v2\/media?parent=18"}],"curies":[{"name":"wp","href":"https:\/\/api.w.org\/{rel}","templated":true}]}}