{"id":10,"date":"2020-10-20T10:16:16","date_gmt":"2020-10-20T08:16:16","guid":{"rendered":"http:\/\/nowa.dpconsulting.pl\/?page_id=10"},"modified":"2024-11-13T14:55:17","modified_gmt":"2024-11-13T13:55:17","slug":"o-nas","status":"publish","type":"page","link":"https:\/\/dpconsulting.pl\/index.php\/o-nas\/","title":{"rendered":"O nas"},"content":{"rendered":"<div id=\"pl-gb10-6a045e181c689\"  class=\"panel-layout\" ><div id=\"pg-gb10-6a045e181c689-0\"  class=\"panel-grid panel-no-style\" ><div id=\"pgc-gb10-6a045e181c689-0-0\"  class=\"panel-grid-cell\" ><div id=\"panel-gb10-6a045e181c689-0-0-0\" class=\"so-panel widget widget_sow-editor panel-first-child panel-last-child\" data-index=\"0\" ><div\n\t\t\t\n\t\t\tclass=\"so-widget-sow-editor so-widget-sow-editor-base\"\n\t\t\t\n\t\t>\n<div class=\"siteorigin-widget-tinymce textwidget\">\n\t<h3>Kim jeste\u015bmy?<\/h3>\n<p>Funkcjonujemy na mi\u0119dzynarodowym rynku us\u0142ug doradczych i audytorskich od 2001 roku.<\/p>\n<p>Do lipca 2022 roku firma prowadzi\u0142a dzia\u0142alno\u015b\u0107 pod nazw\u0105 DPC A. Danylczenko i sp\u00f3\u0142ka sp. j. Obecnie, tj. od 05.07.2022 r. sp\u00f3\u0142ka zosta\u0142a przekszta\u0142cona w sp\u00f3\u0142k\u0119 z ograniczon\u0105 odpowiedzialno\u015bci\u0105 &#8211; <strong>DPC Audit Partner Sp. z o. o.<\/strong><\/p>\n<p>W tym czasie pracowali\u015bmy mi\u0119dzy innymi dla:<\/p>\n<ul>\n<li>Kancelarii Prezesa Rady Ministr\u00f3w,<\/li>\n<li>Ministerstwa Rozwoju Regionalnego,<\/li>\n<li>Ministerstwa Rodziny, Pracy i Polityki Spo\u0142ecznej,<\/li>\n<li>Ministerstwa Edukacji Narodowej,<\/li>\n<li>Ministerstwa Nauki i Szkolnictwa Wy\u017cszego,<\/li>\n<li>Ministerstwa Przedsi\u0119biorczo\u015bci i Technologii,<\/li>\n<li>Polskiej Agencji Rozwoju Przedsi\u0119biorczo\u015bci,<\/li>\n<li>Centrum Projekt\u00f3w Polska Cyfrowa,<\/li>\n<li>Centrum Projekt\u00f3w Europejskich,<\/li>\n<li>Narodowego Centrum Bada\u0144 i Rozwoju,<\/li>\n<li>Narodowego Funduszu Ochrony \u015arodowiska i Gospodarki Wodnej,<\/li>\n<li>Naczelnej Dyrekcji Archiw\u00f3w Pa\u0144stwowych,<\/li>\n<li>Narodowej Agencji Wymiany Akademickiej,<\/li>\n<li>Wojew\u00f3dzkich Urz\u0119d\u00f3w Pracy,<\/li>\n<li>Powiatowych Urz\u0119d\u00f3w Pracy (w ponad 80 powiatach),<\/li>\n<li>urz\u0119d\u00f3w gmin i powiat\u00f3w (w tym najwi\u0119kszych polskich miast i powiat\u00f3w),<\/li>\n<li>fundacji i stowarzysze\u0144,<\/li>\n<li>krajowych i zagranicznych uczelni wy\u017cszych,<\/li>\n<li>instytucji sektora finansowego i ubezpieczeniowego,<\/li>\n<li>prywatnych podmiot\u00f3w dzia\u0142aj\u0105cych na rynku krajowym i mi\u0119dzynarodowym.<\/li>\n<\/ul>\n<p>Pod koniec 2008 roku przeprowadzili\u015bmy szczeg\u00f3\u0142ow\u0105 analiz\u0119 naszych dzia\u0142a\u0144 i do\u015bwiadcze\u0144 uzyskanych w pierwszym okresie programowania UE (2004-2008). Uzyskane w ten spos\u00f3b wnioski pos\u0142u\u017cy\u0142y do dalszej profesjonalizacji dzia\u0142alno\u015bci sp\u00f3\u0142ki DPC, a nasza nowa siedziba zosta\u0142a zmodernizowana, w celu podwy\u017cszenia funkcjonalno\u015bci i jako\u015bci obs\u0142ugi naszych klient\u00f3w.<\/p>\n<p>Zapraszamy do zapoznania si\u0119 z nasz\u0105 list\u0105 referencyjn\u0105, na kt\u00f3rej znajdziecie Pa\u0144stwo aktualne referencje naszych Klient\u00f3w.<\/p>\n<h3>Management<\/h3>\n<p>Kierownictwo <strong>D P C<\/strong> sk\u0142ada si\u0119 z pi\u0119ciu os\u00f3b:<\/p>\n<ul>\n<li>Piotr Wasaty &#8211; wsp\u00f3lnik, prezes Zarz\u0105du<\/li>\n<li>\u0141ukasz Borowski &#8211; prokurent<\/li>\n<li>Anna Ku\u0107ma &#8211; prokurent<\/li>\n<li>Julia Wielgus &#8211; prokurent<\/li>\n<li>Izabela Borowska &#8211; wsp\u00f3lnik<\/li>\n<\/ul>\n<p>Kapita\u0142 sp\u00f3\u0142ki jest w ca\u0142o\u015bci krajowy.<\/p>\n<p>&nbsp;<\/p>\n<h3>Nasi eksperci<\/h3>\n<p>Dysponujemy zespo\u0142em 90 ekspert\u00f3w, kt\u00f3rzy posiadaj\u0105 krajowe i mi\u0119dzynarodowe certyfikaty bran\u017cowe oraz tytu\u0142y naukowe, mi\u0119dzy innymi:<\/p>\n<ul>\n<li>MBA<\/li>\n<li>CFA<\/li>\n<li>CIA<\/li>\n<li>CGAP<\/li>\n<li>CFE<\/li>\n<li>CISA<\/li>\n<li>QA<\/li>\n<li>za\u015bwiadczenie Ministerstwa Finans\u00f3w &#8211; audytor wewn\u0119trzny<\/li>\n<li>za\u015bwiadczenie Ministerstwa Finans\u00f3w &#8211; us\u0142ugowe prowadzenie ksi\u0105g rachunkowych<\/li>\n<li>bieg\u0142y rewident<\/li>\n<li>radca prawny<\/li>\n<li>uprawnienia bieg\u0142ego s\u0105dowego w zakresie informatyki<\/li>\n<li>uprawnienia budowlane (kosztorysowanie, nadz\u00f3r, kierowanie)<\/li>\n<\/ul>\n<p>Nasi eksperci stale podnosz\u0105 swoje kwalifikacje aktywnie uczestnicz\u0105c w stowarzyszeniach zawodowych, konferencjach i sympozjach krajowych oraz mi\u0119dzynarodowych, zar\u00f3wno w charakterze uczestnik\u00f3w jak i wyk\u0142adowc\u00f3w.<\/p>\n<h3>\u00a0Dzia\u0142alno\u015b\u0107 charytatywna<\/h3>\n<p><strong>D P C<\/strong>\u00a0prowadzi tak\u017ce <a href=\"https:\/\/dpconsulting.pl\/index.php\/dzialalnosc-charytatywna\/\">dzia\u0142alno\u015b\u0107 charytatywn\u0105.<\/a> Nios\u0105c pomoc najbardziej potrzebuj\u0105cym staramy si\u0119 wype\u0142nia\u0107 &#8211; najlepiej jak potrafimy &#8211; spo\u0142eczn\u0105 misj\u0119 naszej dzia\u0142alno\u015bci. Wsp\u00f3\u0142pracujemy z organizacjami po\u017cytku publicznego, wspieraj\u0105cymi osoby niepe\u0142nosprawne, osoby poszkodowane w wypadkach oraz osoby nieuleczalnie chore.<\/p>\n<\/div>\n<\/div><\/div><\/div><\/div><\/div>","protected":false},"excerpt":{"rendered":"<p>Kim jeste\u015bmy? Funkcjonujemy na mi\u0119dzynarodowym rynku us\u0142ug doradczych i audytorskich od 2001 roku. Do lipca 2022 roku firma prowadzi\u0142a dzia\u0142alno\u015b\u0107 pod nazw\u0105 DPC A. Danylczenko i sp\u00f3\u0142ka sp. j. Obecnie, tj. od 05.07.2022 r. sp\u00f3\u0142ka zosta\u0142a przekszta\u0142cona w sp\u00f3\u0142k\u0119 z ograniczon\u0105 odpowiedzialno\u015bci\u0105 &#8211; DPC Audit Partner Sp. z o. o. W tym czasie pracowali\u015bmy mi\u0119dzy [&hellip;]<\/p>\n","protected":false},"author":2,"featured_media":0,"parent":0,"menu_order":0,"comment_status":"closed","ping_status":"closed","template":"","meta":{"footnotes":""},"class_list":["post-10","page","type-page","status-publish","hentry","post"],"_links":{"self":[{"href":"https:\/\/dpconsulting.pl\/index.php\/wp-json\/wp\/v2\/pages\/10","targetHints":{"allow":["GET"]}}],"collection":[{"href":"https:\/\/dpconsulting.pl\/index.php\/wp-json\/wp\/v2\/pages"}],"about":[{"href":"https:\/\/dpconsulting.pl\/index.php\/wp-json\/wp\/v2\/types\/page"}],"author":[{"embeddable":true,"href":"https:\/\/dpconsulting.pl\/index.php\/wp-json\/wp\/v2\/users\/2"}],"replies":[{"embeddable":true,"href":"https:\/\/dpconsulting.pl\/index.php\/wp-json\/wp\/v2\/comments?post=10"}],"version-history":[{"count":22,"href":"https:\/\/dpconsulting.pl\/index.php\/wp-json\/wp\/v2\/pages\/10\/revisions"}],"predecessor-version":[{"id":1421,"href":"https:\/\/dpconsulting.pl\/index.php\/wp-json\/wp\/v2\/pages\/10\/revisions\/1421"}],"wp:attachment":[{"href":"https:\/\/dpconsulting.pl\/index.php\/wp-json\/wp\/v2\/media?parent=10"}],"curies":[{"name":"wp","href":"https:\/\/api.w.org\/{rel}","templated":true}]}}